{"id":723,"date":"2026-05-16T09:07:19","date_gmt":"2026-05-16T07:07:19","guid":{"rendered":"https:\/\/auxsonsdupotager.fr\/?page_id=723"},"modified":"2026-05-16T09:07:19","modified_gmt":"2026-05-16T07:07:19","slug":"cette-annee-une-nouvelle-serre-dans-les-jardins","status":"publish","type":"page","link":"https:\/\/auxsonsdupotager.fr\/index.php\/cette-annee-une-nouvelle-serre-dans-les-jardins\/","title":{"rendered":"Cette ann\u00e9e : une nouvelle serre dans les jardins"},"content":{"rendered":"\n<p class=\"has-text-align-center\">Voil\u00e0 9 ans que nous faisons pousser des l\u00e9gumes aux Auxons&nbsp;! Au d\u00e9part, nous avons install\u00e9 des serres sur une partie des jardins mais nous sommes \u00e0 l\u2019\u00e9troit maintenant. Cet automne, une nouvelle serre sera construite\u2026<\/p>\n\n\n\n<p class=\"has-text-align-center\">Vous pouvez d\u00e8s maintenant contribuer \u00e0 sa r\u00e9alisation en nous soutenant financi\u00e8rement. La cagnotte est ouverte pendant un mois.<\/p>\n\n\n\n<p class=\"has-text-align-center\">Voici le lien de la plateforme de financement participatif \u2018Miimosa\u2019 qui pr\u00e9sente le projet&nbsp;:<\/p>\n\n\n\n<div class=\"wp-block-media-text is-stacked-on-mobile\"><figure class=\"wp-block-media-text__media\"><img decoding=\"async\" src=\"https:\/\/miimosa.s3-eu-west-1.amazonaws.com\/production\/projects\/images\/000\/036\/353\/high\/Gaec_aux_sons_des_potagers_Helene_et_Damien.jpg\" alt=\"\"\/><\/figure><div class=\"wp-block-media-text__content\">\n<p class=\"has-text-align-center has-large-font-size\"><a href=\"https:\/\/miimosa.com\/projects\/une-nouvelle-serre-dans-les-jardins\">https:\/\/miimosa.com\/projects\/une-nouvelle-serre-dans-les-jardins<\/a><\/p>\n<\/div><\/div>\n","protected":false},"excerpt":{"rendered":"<p>Voil\u00e0 9 ans que nous faisons pousser des l\u00e9gumes aux Auxons&nbsp;! Au d\u00e9part, nous avons install\u00e9 des serres sur une partie des jardins mais nous sommes \u00e0 l\u2019\u00e9troit maintenant. Cet automne, une nouvelle serre sera construite\u2026 Vous pouvez d\u00e8s maintenant contribuer \u00e0 sa r\u00e9alisation en nous soutenant financi\u00e8rement. La cagnotte est ouverte pendant un mois. <a class=\"read-more\" href=\"https:\/\/auxsonsdupotager.fr\/index.php\/cette-annee-une-nouvelle-serre-dans-les-jardins\/\">Read More<\/a><\/p>\n","protected":false},"author":1,"featured_media":0,"parent":0,"menu_order":0,"comment_status":"closed","ping_status":"closed","template":"","meta":{"iawp_total_views":7,"footnotes":""},"class_list":["post-723","page","type-page","status-publish","hentry"],"_links":{"self":[{"href":"https:\/\/auxsonsdupotager.fr\/index.php\/wp-json\/wp\/v2\/pages\/723","targetHints":{"allow":["GET"]}}],"collection":[{"href":"https:\/\/auxsonsdupotager.fr\/index.php\/wp-json\/wp\/v2\/pages"}],"about":[{"href":"https:\/\/auxsonsdupotager.fr\/index.php\/wp-json\/wp\/v2\/types\/page"}],"author":[{"embeddable":true,"href":"https:\/\/auxsonsdupotager.fr\/index.php\/wp-json\/wp\/v2\/users\/1"}],"replies":[{"embeddable":true,"href":"https:\/\/auxsonsdupotager.fr\/index.php\/wp-json\/wp\/v2\/comments?post=723"}],"version-history":[{"count":8,"href":"https:\/\/auxsonsdupotager.fr\/index.php\/wp-json\/wp\/v2\/pages\/723\/revisions"}],"predecessor-version":[{"id":731,"href":"https:\/\/auxsonsdupotager.fr\/index.php\/wp-json\/wp\/v2\/pages\/723\/revisions\/731"}],"wp:attachment":[{"href":"https:\/\/auxsonsdupotager.fr\/index.php\/wp-json\/wp\/v2\/media?parent=723"}],"curies":[{"name":"wp","href":"https:\/\/api.w.org\/{rel}","templated":true}]}}