{"id":486,"date":"2021-02-01T14:20:09","date_gmt":"2021-02-01T13:20:09","guid":{"rendered":"http:\/\/auxsonsdupotager.fr\/?page_id=486"},"modified":"2026-02-13T08:33:54","modified_gmt":"2026-02-13T07:33:54","slug":"la-vente","status":"publish","type":"page","link":"https:\/\/auxsonsdupotager.fr\/index.php\/la-vente\/","title":{"rendered":"La vente"},"content":{"rendered":"\n<div class=\"wp-block-columns is-layout-flex wp-container-core-columns-is-layout-9d6595d7 wp-block-columns-is-layout-flex\">\n<div class=\"wp-block-column is-layout-flow wp-block-column-is-layout-flow\" style=\"flex-basis:33.33%\"><div class=\"wp-block-image is-style-rounded\">\n<figure class=\"aligncenter size-large is-resized\"><img loading=\"lazy\" decoding=\"async\" width=\"1024\" height=\"1024\" src=\"https:\/\/auxsonsdupotager.fr\/wp-content\/uploads\/2021\/02\/IMG-20210202-WA0000-edited-1024x1024.jpg\" alt=\"\" class=\"wp-image-572\" style=\"width:279px;height:279px\" srcset=\"https:\/\/auxsonsdupotager.fr\/wp-content\/uploads\/2021\/02\/IMG-20210202-WA0000-edited-1024x1024.jpg 1024w, https:\/\/auxsonsdupotager.fr\/wp-content\/uploads\/2021\/02\/IMG-20210202-WA0000-edited-300x300.jpg 300w, https:\/\/auxsonsdupotager.fr\/wp-content\/uploads\/2021\/02\/IMG-20210202-WA0000-edited-150x150.jpg 150w, https:\/\/auxsonsdupotager.fr\/wp-content\/uploads\/2021\/02\/IMG-20210202-WA0000-edited-768x767.jpg 768w, https:\/\/auxsonsdupotager.fr\/wp-content\/uploads\/2021\/02\/IMG-20210202-WA0000-edited.jpg 1199w\" sizes=\"auto, (max-width: 1024px) 100vw, 1024px\" \/><\/figure>\n<\/div><\/div>\n\n\n\n<div class=\"wp-block-column is-vertically-aligned-center is-layout-flow wp-block-column-is-layout-flow\" style=\"flex-basis:66.66%\">\n<p class=\"has-text-align-center has-normal-font-size\">Nos produits sont vendus aux jardins <strong>tous les mercredis matin et samedis matin de 9h \u00e0 12h<\/strong> de mai \u00e0 d\u00e9cembre.<\/p>\n\n\n\n<p class=\"has-text-align-center has-black-color has-text-color has-normal-font-size\"><strong>La saison 2026 d\u00e9butera le mercredi 29 avril !<\/strong><\/p>\n\n\n\n<p class=\"has-text-align-center has-normal-font-size\">Comme pour la production, nous attachons de l&rsquo;importance \u00e0 limiter notre impact sur l&rsquo;environnement en vous proposant au maximum des emballages biod\u00e9gradables ou compostables. N&rsquo;h\u00e9sitez pas \u00e0 venir avec vos propres sacs !!!<\/p>\n<\/div>\n<\/div>\n\n\n\n<div class=\"wp-block-columns is-layout-flex wp-container-core-columns-is-layout-9d6595d7 wp-block-columns-is-layout-flex\">\n<div class=\"wp-block-column is-vertically-aligned-center is-layout-flow wp-block-column-is-layout-flow\" style=\"flex-basis:66.66%\">\n<p class=\"has-text-align-center has-normal-font-size\">Les l\u00e9gumes sont pr\u00e9sent\u00e9s sous la forme d&rsquo;un \u00e9tal de march\u00e9 pour que chacun puisse faire son choix au gr\u00e9 des saisons. <\/p>\n\n\n\n<p class=\"has-text-align-center has-normal-font-size\">Nous ne faisons pas de vente en paniers.<\/p>\n\n\n\n<p class=\"has-text-align-center has-normal-font-size\">Vous pouvez retrouver \u00e9galement quelques uns de nos l\u00e9gumes dans la Biocoop de Chatillon le Duc.<\/p>\n<\/div>\n\n\n\n<div class=\"wp-block-column is-layout-flow wp-block-column-is-layout-flow\" style=\"flex-basis:33.33%\"><div class=\"wp-block-image is-style-rounded\">\n<figure class=\"aligncenter size-large is-resized\"><img loading=\"lazy\" decoding=\"async\" width=\"1024\" height=\"1024\" src=\"https:\/\/auxsonsdupotager.fr\/wp-content\/uploads\/2021\/02\/IMG-20210202-WA0004-edited-1024x1024.jpg\" alt=\"\" class=\"wp-image-571\" style=\"width:280px;height:280px\" srcset=\"https:\/\/auxsonsdupotager.fr\/wp-content\/uploads\/2021\/02\/IMG-20210202-WA0004-edited-1024x1024.jpg 1024w, https:\/\/auxsonsdupotager.fr\/wp-content\/uploads\/2021\/02\/IMG-20210202-WA0004-edited-300x300.jpg 300w, https:\/\/auxsonsdupotager.fr\/wp-content\/uploads\/2021\/02\/IMG-20210202-WA0004-edited-150x150.jpg 150w, https:\/\/auxsonsdupotager.fr\/wp-content\/uploads\/2021\/02\/IMG-20210202-WA0004-edited-768x767.jpg 768w, https:\/\/auxsonsdupotager.fr\/wp-content\/uploads\/2021\/02\/IMG-20210202-WA0004-edited.jpg 1200w\" sizes=\"auto, (max-width: 1024px) 100vw, 1024px\" \/><\/figure>\n<\/div><\/div>\n<\/div>\n\n\n\n<div class=\"wp-block-columns is-layout-flex wp-container-core-columns-is-layout-9d6595d7 wp-block-columns-is-layout-flex\">\n<div class=\"wp-block-column is-layout-flow wp-block-column-is-layout-flow\">\n<p class=\"has-text-align-center has-normal-font-size\"><strong>Vous pourrez aussi profiter d&rsquo;autres produits locaux de qualit\u00e9<\/strong> :<\/p>\n<\/div>\n<\/div>\n\n\n\n<div class=\"wp-block-columns is-layout-flex wp-container-core-columns-is-layout-9d6595d7 wp-block-columns-is-layout-flex\">\n<div class=\"wp-block-column is-layout-flow wp-block-column-is-layout-flow\" style=\"flex-basis:33.33%\"><div class=\"wp-block-image is-style-rounded\">\n<figure class=\"aligncenter size-large\"><img loading=\"lazy\" decoding=\"async\" width=\"183\" height=\"184\" src=\"https:\/\/auxsonsdupotager.fr\/wp-content\/uploads\/2021\/02\/oeuf-edited.jpg\" alt=\"\" class=\"wp-image-616\" srcset=\"https:\/\/auxsonsdupotager.fr\/wp-content\/uploads\/2021\/02\/oeuf-edited.jpg 183w, https:\/\/auxsonsdupotager.fr\/wp-content\/uploads\/2021\/02\/oeuf-edited-150x150.jpg 150w\" sizes=\"auto, (max-width: 183px) 100vw, 183px\" \/><\/figure>\n<\/div><\/div>\n\n\n\n<div class=\"wp-block-column is-vertically-aligned-center is-layout-flow wp-block-column-is-layout-flow\" style=\"flex-basis:66.66%\">\n<p class=\"has-text-align-center has-normal-font-size\">La Favi\u00e8re enchant\u00e9e, ferme Bio \u00e0 Cult en Haute-Sa\u00f4ne, vous propose plusieurs fois par an de la viande de volaille, veau et b\u0153uf. Ils produisent aussi des pommes de terre qui compl\u00e8tent notre production. Les commandes de viande sont \u00e0 passer par mail et \u00e0 r\u00e9cup\u00e9rer sur place lors de nos ventes.<\/p>\n\n\n\n<p class=\"has-text-align-center has-normal-font-size\">Les \u0153ufs d&rsquo;Aurore \u00e0 Pelousey nous fournissent aussi des \u0153ufs bio.<\/p>\n<\/div>\n<\/div>\n\n\n\n<div class=\"wp-block-columns are-vertically-aligned-center is-layout-flex wp-container-core-columns-is-layout-9d6595d7 wp-block-columns-is-layout-flex\">\n<div class=\"wp-block-column is-vertically-aligned-center is-layout-flow wp-block-column-is-layout-flow\" style=\"flex-basis:66.66%\">\n<p class=\"has-text-align-center has-normal-font-size\">G\u00e9rard Debrie, apiculteur amateur \u00e0 Geneuille, pr\u00e9sente son miel press\u00e9 de grande qualit\u00e9.<\/p>\n\n\n\n<p class=\"has-text-align-center has-normal-font-size\">Bruno Robin, le rucher Les Rondeys, apiculteur amateur \u00e0 Vellexon en Haute-Sa\u00f4ne, vous propose des miels diff\u00e9rents selon les saisons.<\/p>\n<\/div>\n\n\n\n<div class=\"wp-block-column is-vertically-aligned-center is-layout-flow wp-block-column-is-layout-flow\" style=\"flex-basis:33.33%\"><div class=\"wp-block-image is-style-rounded\">\n<figure class=\"aligncenter size-medium is-resized\"><img loading=\"lazy\" decoding=\"async\" width=\"1072\" height=\"1071\" src=\"https:\/\/auxsonsdupotager.fr\/wp-content\/uploads\/2021\/02\/miel-2-edited-1.jpg\" alt=\"\" class=\"wp-image-512\" style=\"width:196px;height:196px\" srcset=\"https:\/\/auxsonsdupotager.fr\/wp-content\/uploads\/2021\/02\/miel-2-edited-1.jpg 1072w, https:\/\/auxsonsdupotager.fr\/wp-content\/uploads\/2021\/02\/miel-2-edited-1-300x300.jpg 300w, https:\/\/auxsonsdupotager.fr\/wp-content\/uploads\/2021\/02\/miel-2-edited-1-1024x1024.jpg 1024w, https:\/\/auxsonsdupotager.fr\/wp-content\/uploads\/2021\/02\/miel-2-edited-1-150x150.jpg 150w, https:\/\/auxsonsdupotager.fr\/wp-content\/uploads\/2021\/02\/miel-2-edited-1-768x767.jpg 768w\" sizes=\"auto, (max-width: 1072px) 100vw, 1072px\" \/><\/figure>\n<\/div><\/div>\n<\/div>\n\n\n\n<div class=\"wp-block-columns is-layout-flex wp-container-core-columns-is-layout-9d6595d7 wp-block-columns-is-layout-flex\">\n<div class=\"wp-block-column is-layout-flow wp-block-column-is-layout-flow\" style=\"flex-basis:33.33%\"><div class=\"wp-block-image is-style-rounded\">\n<figure class=\"aligncenter size-large\"><img loading=\"lazy\" decoding=\"async\" width=\"183\" height=\"183\" src=\"https:\/\/auxsonsdupotager.fr\/wp-content\/uploads\/2021\/02\/pommes-edited.jpg\" alt=\"\" class=\"wp-image-618\" srcset=\"https:\/\/auxsonsdupotager.fr\/wp-content\/uploads\/2021\/02\/pommes-edited.jpg 183w, https:\/\/auxsonsdupotager.fr\/wp-content\/uploads\/2021\/02\/pommes-edited-150x150.jpg 150w\" sizes=\"auto, (max-width: 183px) 100vw, 183px\" \/><\/figure>\n<\/div><\/div>\n\n\n\n<div class=\"wp-block-column is-vertically-aligned-center is-layout-flow wp-block-column-is-layout-flow\" style=\"flex-basis:66.66%\">\n<p class=\"has-text-align-center has-normal-font-size\">Nous proposons aussi des jus de pommes (Grignoncourt,88 et Devecey, 25), des bi\u00e8res d&rsquo;Antoine Ney (Bucey l\u00e8s Gy, 70), et des fruits des Vergers Grandieu \u00e0 Grignoncourt (88).<\/p>\n\n\n\n<div class=\"wp-block-group\"><div class=\"wp-block-group__inner-container is-layout-constrained wp-block-group-is-layout-constrained\"><\/div><\/div>\n\n\n\n<p class=\"has-text-align-center has-normal-font-size\"><\/p>\n\n\n\n<p class=\"has-text-align-center has-normal-font-size\"><\/p>\n<\/div>\n<\/div>\n\n\n\n<p><\/p>\n","protected":false},"excerpt":{"rendered":"<p>Nos produits sont vendus aux jardins tous les mercredis matin et samedis matin de 9h \u00e0 12h de mai \u00e0 d\u00e9cembre. La saison 2026 d\u00e9butera le mercredi 29 avril ! Comme pour la production, nous attachons de l&rsquo;importance \u00e0 limiter notre impact sur l&rsquo;environnement en vous proposant au maximum des emballages biod\u00e9gradables ou compostables. N&rsquo;h\u00e9sitez <a class=\"read-more\" href=\"https:\/\/auxsonsdupotager.fr\/index.php\/la-vente\/\">Read More<\/a><\/p>\n","protected":false},"author":1,"featured_media":0,"parent":0,"menu_order":0,"comment_status":"closed","ping_status":"closed","template":"","meta":{"iawp_total_views":1461,"footnotes":""},"class_list":["post-486","page","type-page","status-publish","hentry"],"_links":{"self":[{"href":"https:\/\/auxsonsdupotager.fr\/index.php\/wp-json\/wp\/v2\/pages\/486","targetHints":{"allow":["GET"]}}],"collection":[{"href":"https:\/\/auxsonsdupotager.fr\/index.php\/wp-json\/wp\/v2\/pages"}],"about":[{"href":"https:\/\/auxsonsdupotager.fr\/index.php\/wp-json\/wp\/v2\/types\/page"}],"author":[{"embeddable":true,"href":"https:\/\/auxsonsdupotager.fr\/index.php\/wp-json\/wp\/v2\/users\/1"}],"replies":[{"embeddable":true,"href":"https:\/\/auxsonsdupotager.fr\/index.php\/wp-json\/wp\/v2\/comments?post=486"}],"version-history":[{"count":28,"href":"https:\/\/auxsonsdupotager.fr\/index.php\/wp-json\/wp\/v2\/pages\/486\/revisions"}],"predecessor-version":[{"id":713,"href":"https:\/\/auxsonsdupotager.fr\/index.php\/wp-json\/wp\/v2\/pages\/486\/revisions\/713"}],"wp:attachment":[{"href":"https:\/\/auxsonsdupotager.fr\/index.php\/wp-json\/wp\/v2\/media?parent=486"}],"curies":[{"name":"wp","href":"https:\/\/api.w.org\/{rel}","templated":true}]}}