{"id":12,"date":"2017-02-18T16:18:05","date_gmt":"2017-02-18T15:18:05","guid":{"rendered":"http:\/\/auxsonsdupotager.fr\/?page_id=12"},"modified":"2025-02-06T10:18:02","modified_gmt":"2025-02-06T09:18:02","slug":"presentation","status":"publish","type":"page","link":"https:\/\/auxsonsdupotager.fr\/","title":{"rendered":"Les jardins"},"content":{"rendered":"\n<div class=\"wp-block-group\"><div class=\"wp-block-group__inner-container is-layout-flow wp-block-group-is-layout-flow\">\n<div class=\"wp-block-columns is-layout-flex wp-container-core-columns-is-layout-9d6595d7 wp-block-columns-is-layout-flex\">\n<div class=\"wp-block-column is-vertically-aligned-center is-layout-flow wp-block-column-is-layout-flow\" style=\"flex-basis:66.66%\">\n<p class=\"has-text-align-left\">L\u2019id\u00e9e de cr\u00e9er des jardins Bio a germ\u00e9 dans l\u2019esprit de deux amis passionn\u00e9s de nature, H\u00e9l\u00e8ne et Damien.<\/p>\n\n\n\n<p class=\"has-text-align-left\">Tous les deux issus de formations agricoles et forts de nos exp\u00e9riences professionnelles, nous avons voulu en faire notre m\u00e9tier et ainsi donner plus de sens \u00e0 notre travail.<\/p>\n\n\n\n<p class=\"has-text-align-left has-black-color has-text-color\">Notre projet a pu voir le jour sur la commune des Auxons qui nous accueille au d\u00e9but de l\u2019ann\u00e9e 2017. <\/p>\n\n\n\n<p class=\"has-text-align-left has-black-color has-text-color\">Nous nous sommes install\u00e9s sur une prairie permanente au milieu de haies bocag\u00e8res que nous avons pu imm\u00e9diatement convertir en Agriculture Biologique.<\/p>\n<\/div>\n\n\n\n<div class=\"wp-block-column is-layout-flow wp-block-column-is-layout-flow\" style=\"flex-basis:33.33%\"><div class=\"wp-block-image is-style-rounded\">\n<figure class=\"aligncenter size-large is-resized\"><img loading=\"lazy\" decoding=\"async\" width=\"1024\" height=\"1024\" src=\"https:\/\/auxsonsdupotager.fr\/wp-content\/uploads\/2021\/01\/IMG_20190620_094135-edited-1024x1024.jpg\" alt=\"\" class=\"wp-image-462\" style=\"width:284px;height:284px\" srcset=\"https:\/\/auxsonsdupotager.fr\/wp-content\/uploads\/2021\/01\/IMG_20190620_094135-edited-1024x1024.jpg 1024w, https:\/\/auxsonsdupotager.fr\/wp-content\/uploads\/2021\/01\/IMG_20190620_094135-edited-300x300.jpg 300w, https:\/\/auxsonsdupotager.fr\/wp-content\/uploads\/2021\/01\/IMG_20190620_094135-edited-150x150.jpg 150w, https:\/\/auxsonsdupotager.fr\/wp-content\/uploads\/2021\/01\/IMG_20190620_094135-edited-768x769.jpg 768w, https:\/\/auxsonsdupotager.fr\/wp-content\/uploads\/2021\/01\/IMG_20190620_094135-edited.jpg 1455w\" sizes=\"auto, (max-width: 1024px) 100vw, 1024px\" \/><\/figure>\n<\/div>\n\n\n<p><\/p>\n<\/div>\n<\/div>\n<\/div><\/div>\n\n\n\n<div class=\"wp-block-columns are-vertically-aligned-center is-layout-flex wp-container-core-columns-is-layout-9d6595d7 wp-block-columns-is-layout-flex\">\n<div class=\"wp-block-column is-vertically-aligned-center is-layout-flow wp-block-column-is-layout-flow\" style=\"flex-basis:100%\"><\/div>\n<\/div>\n\n\n\n<div class=\"wp-block-columns is-layout-flex wp-container-core-columns-is-layout-9d6595d7 wp-block-columns-is-layout-flex\">\n<div class=\"wp-block-column is-layout-flow wp-block-column-is-layout-flow\" style=\"flex-basis:33.33%\"><div class=\"wp-block-image is-style-rounded\">\n<figure class=\"aligncenter size-large is-resized\"><img loading=\"lazy\" decoding=\"async\" width=\"2334\" height=\"2336\" src=\"https:\/\/auxsonsdupotager.fr\/wp-content\/uploads\/2021\/02\/IMG_20200623_153811-edited.jpg\" alt=\"\" class=\"wp-image-593\" style=\"width:328px;height:328px\" srcset=\"https:\/\/auxsonsdupotager.fr\/wp-content\/uploads\/2021\/02\/IMG_20200623_153811-edited.jpg 2334w, https:\/\/auxsonsdupotager.fr\/wp-content\/uploads\/2021\/02\/IMG_20200623_153811-edited-300x300.jpg 300w, https:\/\/auxsonsdupotager.fr\/wp-content\/uploads\/2021\/02\/IMG_20200623_153811-edited-1024x1024.jpg 1024w, https:\/\/auxsonsdupotager.fr\/wp-content\/uploads\/2021\/02\/IMG_20200623_153811-edited-150x150.jpg 150w, https:\/\/auxsonsdupotager.fr\/wp-content\/uploads\/2021\/02\/IMG_20200623_153811-edited-768x769.jpg 768w, https:\/\/auxsonsdupotager.fr\/wp-content\/uploads\/2021\/02\/IMG_20200623_153811-edited-1536x1536.jpg 1536w, https:\/\/auxsonsdupotager.fr\/wp-content\/uploads\/2021\/02\/IMG_20200623_153811-edited-2046x2048.jpg 2046w\" sizes=\"auto, (max-width: 2334px) 100vw, 2334px\" \/><\/figure>\n<\/div><\/div>\n\n\n\n<div class=\"wp-block-column is-vertically-aligned-center is-layout-flow wp-block-column-is-layout-flow\" style=\"flex-basis:66.66%\">\n<p>Nous faisons appel en pleine saison, de mai \u00e0 novembre, \u00e0 deux personnes ext\u00e9rieures pour faire face \u00e0 toutes les t\u00e2ches.<\/p>\n\n\n\n<p>Nous accueillons aussi des stagiaires r\u00e9guli\u00e8rement afin de transmettre notre exp\u00e9rience.<\/p>\n<\/div>\n<\/div>\n\n\n\n<p><\/p>\n","protected":false},"excerpt":{"rendered":"<p>L\u2019id\u00e9e de cr\u00e9er des jardins Bio a germ\u00e9 dans l\u2019esprit de deux amis passionn\u00e9s de nature, H\u00e9l\u00e8ne et Damien. Tous les deux issus de formations agricoles et forts de nos exp\u00e9riences professionnelles, nous avons voulu en faire notre m\u00e9tier et ainsi donner plus de sens \u00e0 notre travail. Notre projet a pu voir le jour <a class=\"read-more\" href=\"https:\/\/auxsonsdupotager.fr\/\">Read More<\/a><\/p>\n","protected":false},"author":1,"featured_media":0,"parent":0,"menu_order":0,"comment_status":"closed","ping_status":"closed","template":"","meta":{"iawp_total_views":2151,"footnotes":""},"class_list":["post-12","page","type-page","status-publish","hentry"],"_links":{"self":[{"href":"https:\/\/auxsonsdupotager.fr\/index.php\/wp-json\/wp\/v2\/pages\/12","targetHints":{"allow":["GET"]}}],"collection":[{"href":"https:\/\/auxsonsdupotager.fr\/index.php\/wp-json\/wp\/v2\/pages"}],"about":[{"href":"https:\/\/auxsonsdupotager.fr\/index.php\/wp-json\/wp\/v2\/types\/page"}],"author":[{"embeddable":true,"href":"https:\/\/auxsonsdupotager.fr\/index.php\/wp-json\/wp\/v2\/users\/1"}],"replies":[{"embeddable":true,"href":"https:\/\/auxsonsdupotager.fr\/index.php\/wp-json\/wp\/v2\/comments?post=12"}],"version-history":[{"count":78,"href":"https:\/\/auxsonsdupotager.fr\/index.php\/wp-json\/wp\/v2\/pages\/12\/revisions"}],"predecessor-version":[{"id":700,"href":"https:\/\/auxsonsdupotager.fr\/index.php\/wp-json\/wp\/v2\/pages\/12\/revisions\/700"}],"wp:attachment":[{"href":"https:\/\/auxsonsdupotager.fr\/index.php\/wp-json\/wp\/v2\/media?parent=12"}],"curies":[{"name":"wp","href":"https:\/\/api.w.org\/{rel}","templated":true}]}}